{"id":60,"date":"2018-04-17T11:01:41","date_gmt":"2018-04-17T11:01:41","guid":{"rendered":"http:\/\/naringsakademin.org\/?page_id=60"},"modified":"2018-06-01T10:42:15","modified_gmt":"2018-06-01T10:42:15","slug":"jarn","status":"publish","type":"page","link":"https:\/\/naringsakademin.org\/index.php\/jarn\/","title":{"rendered":"\u00d6versikt"},"content":{"rendered":"<ul class=\"display-posts-listing\"><li class=\"listing-item\"><a class=\"image\" href=\"https:\/\/naringsakademin.org\/index.php\/2019\/03\/14\/overvikt-innebar-samre-formaga-att-absorbera-jarn-i-tarmen\/\"><img loading=\"lazy\" decoding=\"async\" width=\"150\" height=\"150\" src=\"https:\/\/naringsakademin.org\/wp-content\/uploads\/2019\/03\/Tape-measure-150x150.jpg\" class=\"attachment-thumbnail size-thumbnail wp-post-image\" alt=\"\" srcset=\"https:\/\/naringsakademin.org\/wp-content\/uploads\/2019\/03\/Tape-measure-150x150.jpg 150w, https:\/\/naringsakademin.org\/wp-content\/uploads\/2019\/03\/Tape-measure-300x300.jpg 300w, https:\/\/naringsakademin.org\/wp-content\/uploads\/2019\/03\/Tape-measure-75x75.jpg 75w\" sizes=\"auto, (max-width: 150px) 100vw, 150px\" \/><\/a> <a class=\"title\" href=\"https:\/\/naringsakademin.org\/index.php\/2019\/03\/14\/overvikt-innebar-samre-formaga-att-absorbera-jarn-i-tarmen\/\">\u00d6vervikt inneb\u00e4r s\u00e4mre f\u00f6rm\u00e5ga att absorbera j\u00e4rn i tarmen<\/a><\/li><li class=\"listing-item\"><a class=\"image\" href=\"https:\/\/naringsakademin.org\/index.php\/2019\/03\/01\/magnesium-behovs-for-optimal-effekt-av-d-vitamin\/\"><img loading=\"lazy\" decoding=\"async\" width=\"150\" height=\"150\" src=\"https:\/\/naringsakademin.org\/wp-content\/uploads\/2019\/03\/anne-sophie-benoit-568299-unsplash-150x150.jpg\" class=\"attachment-thumbnail size-thumbnail wp-post-image\" alt=\"\" srcset=\"https:\/\/naringsakademin.org\/wp-content\/uploads\/2019\/03\/anne-sophie-benoit-568299-unsplash-150x150.jpg 150w, https:\/\/naringsakademin.org\/wp-content\/uploads\/2019\/03\/anne-sophie-benoit-568299-unsplash-300x300.jpg 300w, https:\/\/naringsakademin.org\/wp-content\/uploads\/2019\/03\/anne-sophie-benoit-568299-unsplash-75x75.jpg 75w\" sizes=\"auto, (max-width: 150px) 100vw, 150px\" \/><\/a> <a class=\"title\" href=\"https:\/\/naringsakademin.org\/index.php\/2019\/03\/01\/magnesium-behovs-for-optimal-effekt-av-d-vitamin\/\">Magnesium beh\u00f6vs f\u00f6r optimal effekt av D-vitamin<\/a><\/li><li class=\"listing-item\"><a class=\"image\" href=\"https:\/\/naringsakademin.org\/index.php\/2019\/02\/07\/grona-blad-bor-atas-med-fett-for-basta-halsoeffekt\/\"><img loading=\"lazy\" decoding=\"async\" width=\"150\" height=\"150\" src=\"https:\/\/naringsakademin.org\/wp-content\/uploads\/2019\/02\/Unsplash-gr\u00f6\u00f6n-smoothie-150x150.jpg\" class=\"attachment-thumbnail size-thumbnail wp-post-image\" alt=\"\" srcset=\"https:\/\/naringsakademin.org\/wp-content\/uploads\/2019\/02\/Unsplash-gr\u00f6\u00f6n-smoothie-150x150.jpg 150w, https:\/\/naringsakademin.org\/wp-content\/uploads\/2019\/02\/Unsplash-gr\u00f6\u00f6n-smoothie-300x300.jpg 300w, https:\/\/naringsakademin.org\/wp-content\/uploads\/2019\/02\/Unsplash-gr\u00f6\u00f6n-smoothie-75x75.jpg 75w\" sizes=\"auto, (max-width: 150px) 100vw, 150px\" \/><\/a> <a class=\"title\" href=\"https:\/\/naringsakademin.org\/index.php\/2019\/02\/07\/grona-blad-bor-atas-med-fett-for-basta-halsoeffekt\/\">Gr\u00f6na blad b\u00f6r \u00e4tas med fett f\u00f6r b\u00e4sta h\u00e4lsoeffekt<\/a><\/li><li class=\"listing-item\"><a class=\"image\" href=\"https:\/\/naringsakademin.org\/index.php\/2019\/02\/01\/d-vitaminbrist-en-konsekvens-snarare-an-orsak-vid-kronisk-sjukdom-med-inflammation\/\"><img loading=\"lazy\" decoding=\"async\" width=\"150\" height=\"150\" src=\"https:\/\/naringsakademin.org\/wp-content\/uploads\/2019\/02\/Sun-unsplash-150x150.jpg\" class=\"attachment-thumbnail size-thumbnail wp-post-image\" alt=\"\" srcset=\"https:\/\/naringsakademin.org\/wp-content\/uploads\/2019\/02\/Sun-unsplash-150x150.jpg 150w, https:\/\/naringsakademin.org\/wp-content\/uploads\/2019\/02\/Sun-unsplash-300x300.jpg 300w, https:\/\/naringsakademin.org\/wp-content\/uploads\/2019\/02\/Sun-unsplash-75x75.jpg 75w\" sizes=\"auto, (max-width: 150px) 100vw, 150px\" \/><\/a> <a class=\"title\" href=\"https:\/\/naringsakademin.org\/index.php\/2019\/02\/01\/d-vitaminbrist-en-konsekvens-snarare-an-orsak-vid-kronisk-sjukdom-med-inflammation\/\">D-vitaminbrist: en konsekvens snarare \u00e4n orsak vid kronisk sjukdom med inflammation?<\/a><\/li><li class=\"listing-item\"><a class=\"image\" href=\"https:\/\/naringsakademin.org\/index.php\/2019\/01\/22\/naringsakademin-rapporterar-sa-rubbas-tarmfloran-av-hemjarn\/\"><img loading=\"lazy\" decoding=\"async\" width=\"150\" height=\"150\" src=\"https:\/\/naringsakademin.org\/wp-content\/uploads\/2019\/01\/jakub-dziubak-748791-unsplash-1-150x150.jpg\" class=\"attachment-thumbnail size-thumbnail wp-post-image\" alt=\"\" srcset=\"https:\/\/naringsakademin.org\/wp-content\/uploads\/2019\/01\/jakub-dziubak-748791-unsplash-1-150x150.jpg 150w, https:\/\/naringsakademin.org\/wp-content\/uploads\/2019\/01\/jakub-dziubak-748791-unsplash-1-300x300.jpg 300w, https:\/\/naringsakademin.org\/wp-content\/uploads\/2019\/01\/jakub-dziubak-748791-unsplash-1-75x75.jpg 75w\" sizes=\"auto, (max-width: 150px) 100vw, 150px\" \/><\/a> <a class=\"title\" href=\"https:\/\/naringsakademin.org\/index.php\/2019\/01\/22\/naringsakademin-rapporterar-sa-rubbas-tarmfloran-av-hemjarn\/\">N\u00e4ringsakademin rapporterar: S\u00e5 rubbas tarmfloran av hemj\u00e4rn<\/a><\/li><li class=\"listing-item\"><a class=\"image\" href=\"https:\/\/naringsakademin.org\/index.php\/2019\/01\/14\/fibrer-i-kosten-minskar-risken-for-livsstilsrelaterade-sjukdomar-rapporteras-i-en-studie-fran-lancet\/\"><img loading=\"lazy\" decoding=\"async\" width=\"150\" height=\"150\" src=\"https:\/\/naringsakademin.org\/wp-content\/uploads\/2019\/01\/scott-webb-154507-unsplash-150x150.jpg\" class=\"attachment-thumbnail size-thumbnail wp-post-image\" alt=\"\" srcset=\"https:\/\/naringsakademin.org\/wp-content\/uploads\/2019\/01\/scott-webb-154507-unsplash-150x150.jpg 150w, https:\/\/naringsakademin.org\/wp-content\/uploads\/2019\/01\/scott-webb-154507-unsplash-300x300.jpg 300w, https:\/\/naringsakademin.org\/wp-content\/uploads\/2019\/01\/scott-webb-154507-unsplash-75x75.jpg 75w\" sizes=\"auto, (max-width: 150px) 100vw, 150px\" \/><\/a> <a class=\"title\" href=\"https:\/\/naringsakademin.org\/index.php\/2019\/01\/14\/fibrer-i-kosten-minskar-risken-for-livsstilsrelaterade-sjukdomar-rapporteras-i-en-studie-fran-lancet\/\">Fibrer minskar risken f\u00f6r livsstilsrelaterade sjukdomar rapporteras i en studie fr\u00e5n Lancet<\/a><\/li><li class=\"listing-item\"><a class=\"image\" href=\"https:\/\/naringsakademin.org\/index.php\/2018\/05\/18\/hur-uppstar-loparanemi-egentligen\/\"><img loading=\"lazy\" decoding=\"async\" width=\"150\" height=\"150\" src=\"https:\/\/naringsakademin.org\/wp-content\/uploads\/2018\/05\/Bild-l\u00f6parsko-150x150.png\" class=\"attachment-thumbnail size-thumbnail wp-post-image\" alt=\"\" srcset=\"https:\/\/naringsakademin.org\/wp-content\/uploads\/2018\/05\/Bild-l\u00f6parsko-150x150.png 150w, https:\/\/naringsakademin.org\/wp-content\/uploads\/2018\/05\/Bild-l\u00f6parsko-75x75.png 75w\" sizes=\"auto, (max-width: 150px) 100vw, 150px\" \/><\/a> <a class=\"title\" href=\"https:\/\/naringsakademin.org\/index.php\/2018\/05\/18\/hur-uppstar-loparanemi-egentligen\/\">Hur h\u00e4nger j\u00e4rnbrist och l\u00f6pning ihop egentligen?<\/a><\/li><li class=\"listing-item\"><a class=\"image\" href=\"https:\/\/naringsakademin.org\/index.php\/2018\/02\/21\/hello-world\/\"><img loading=\"lazy\" decoding=\"async\" width=\"150\" height=\"150\" src=\"https:\/\/naringsakademin.org\/wp-content\/uploads\/2018\/02\/Bild-D-vitamin-150x150.jpg\" class=\"attachment-thumbnail size-thumbnail wp-post-image\" alt=\"\" srcset=\"https:\/\/naringsakademin.org\/wp-content\/uploads\/2018\/02\/Bild-D-vitamin-150x150.jpg 150w, https:\/\/naringsakademin.org\/wp-content\/uploads\/2018\/02\/Bild-D-vitamin-298x300.jpg 298w, https:\/\/naringsakademin.org\/wp-content\/uploads\/2018\/02\/Bild-D-vitamin-768x772.jpg 768w, https:\/\/naringsakademin.org\/wp-content\/uploads\/2018\/02\/Bild-D-vitamin-1018x1024.jpg 1018w, https:\/\/naringsakademin.org\/wp-content\/uploads\/2018\/02\/Bild-D-vitamin-1140x1146.jpg 1140w, https:\/\/naringsakademin.org\/wp-content\/uploads\/2018\/02\/Bild-D-vitamin-300x300.jpg 300w, https:\/\/naringsakademin.org\/wp-content\/uploads\/2018\/02\/Bild-D-vitamin-75x75.jpg 75w, https:\/\/naringsakademin.org\/wp-content\/uploads\/2018\/02\/Bild-D-vitamin.jpg 1766w\" sizes=\"auto, (max-width: 150px) 100vw, 150px\" \/><\/a> <a class=\"title\" href=\"https:\/\/naringsakademin.org\/index.php\/2018\/02\/21\/hello-world\/\">Vad p\u00e5verkar upptaget av D-vitamin i tarmen?<\/a><\/li><\/ul>\n","protected":false},"excerpt":{"rendered":"","protected":false},"author":1,"featured_media":0,"parent":0,"menu_order":0,"comment_status":"closed","ping_status":"closed","template":"","meta":{"footnotes":""},"class_list":["post-60","page","type-page","status-publish","hentry"],"_links":{"self":[{"href":"https:\/\/naringsakademin.org\/index.php\/wp-json\/wp\/v2\/pages\/60","targetHints":{"allow":["GET"]}}],"collection":[{"href":"https:\/\/naringsakademin.org\/index.php\/wp-json\/wp\/v2\/pages"}],"about":[{"href":"https:\/\/naringsakademin.org\/index.php\/wp-json\/wp\/v2\/types\/page"}],"author":[{"embeddable":true,"href":"https:\/\/naringsakademin.org\/index.php\/wp-json\/wp\/v2\/users\/1"}],"replies":[{"embeddable":true,"href":"https:\/\/naringsakademin.org\/index.php\/wp-json\/wp\/v2\/comments?post=60"}],"version-history":[{"count":7,"href":"https:\/\/naringsakademin.org\/index.php\/wp-json\/wp\/v2\/pages\/60\/revisions"}],"predecessor-version":[{"id":174,"href":"https:\/\/naringsakademin.org\/index.php\/wp-json\/wp\/v2\/pages\/60\/revisions\/174"}],"wp:attachment":[{"href":"https:\/\/naringsakademin.org\/index.php\/wp-json\/wp\/v2\/media?parent=60"}],"curies":[{"name":"wp","href":"https:\/\/api.w.org\/{rel}","templated":true}]}}