{"id":31,"date":"2018-03-09T12:58:52","date_gmt":"2018-03-09T12:58:52","guid":{"rendered":"http:\/\/naringsakademin.org\/?page_id=31"},"modified":"2019-03-02T20:41:52","modified_gmt":"2019-03-02T20:41:52","slug":"tarmflora","status":"publish","type":"page","link":"https:\/\/naringsakademin.org\/index.php\/tarmflora\/","title":{"rendered":"Om N\u00e4ringsakademin"},"content":{"rendered":"<p><strong>Om N\u00e4ringsakademin<\/strong><\/p>\n<p><strong>\u00a0<\/strong>N\u00e4ringsakademin \u00e4r en kunskapsportal som drivs av Renapharma. Vi tillhandah\u00e5ller mineraler och vitaminer i form av l\u00e4kemedel och kosttillskott. V\u00e5r vision \u00e4r att f\u00f6rse marknaden med h\u00f6gkvalitativa produkter men ocks\u00e5 kunskap inom de omr\u00e5den vi verkar inom. I linje med det driver vi N\u00e4ringsakademin som kan tj\u00e4na som ett hj\u00e4lpmedel f\u00f6r Dig som p\u00e5 ett enkelt s\u00e4tt vill h\u00e5lla dig uppdaterad kring nya forskningsr\u00f6n inom n\u00e4ringsomr\u00e5det som kan f\u00e5 betydelse i den kliniska vardagen.<\/p>\n<p>N\u00e4r n\u00e4ringsforskningen g\u00e5r fram\u00e5t i en rasande takt kan det vara sv\u00e5rt att hinna h\u00e4nga med i den flora av artiklar som dagligen publiceras.\u00a0Parallellt med detta v\u00e4xer intresset i samh\u00e4llet lavinartat f\u00f6r kopplingen mellan n\u00e4ring och h\u00e4lsa varf\u00f6r sjukv\u00e5rden st\u00e4lls inf\u00f6r m\u00e5nga fr\u00e5gor kring v\u00e5ra n\u00e4rings\u00e4mnen och hur de \u00e4r kopplade till h\u00e4lsa och sjukdom. N\u00e4ringsakademin \u00e4r d\u00e4rf\u00f6r ett forum d\u00e4r nya r\u00f6n fr\u00e5n n\u00e4ringsforskningen kommuniceras p\u00e5 ett l\u00e4ttillg\u00e4ngligt s\u00e4tt till Dig som arbetar i v\u00e5rden och som g\u00f6r det l\u00e4tt f\u00f6r dig att h\u00e5lla dig uppdaterad.<\/p>\n<p>Finns det n\u00e5got \u00e4mne du vill ha belyst? H\u00f6r av dig!<\/p>\n<p>V\u00e4l m\u00f6tt,<\/p>\n<p>N\u00e4ringsakademin<\/p>\n<p>&nbsp;<\/p>\n<p>&nbsp;<\/p>\n<p>&nbsp;<\/p>\n<p>&nbsp;<\/p>\n<p>&nbsp;<\/p>\n","protected":false},"excerpt":{"rendered":"<p>Om N\u00e4ringsakademin \u00a0N\u00e4ringsakademin \u00e4r en kunskapsportal som drivs av Renapharma. Vi tillhandah\u00e5ller mineraler och vitaminer i form av l\u00e4kemedel och kosttillskott. V\u00e5r vision \u00e4r att f\u00f6rse marknaden med h\u00f6gkvalitativa produkter men ocks\u00e5 kunskap inom de omr\u00e5den vi verkar inom. I linje med det driver vi N\u00e4ringsakademin som kan tj\u00e4na som ett hj\u00e4lpmedel f\u00f6r Dig som p\u00e5 ett enkelt s\u00e4tt vill h\u00e5lla dig uppdaterad kring nya forskningsr\u00f6n inom n\u00e4ringsomr\u00e5det som kan f\u00e5 betydelse i den kliniska vardagen. N\u00e4r n\u00e4ringsforskningen g\u00e5r fram\u00e5t i en rasande takt kan det vara sv\u00e5rt att hinna h\u00e4nga med i den flora av artiklar som dagligen publiceras.\u00a0Parallellt med detta v\u00e4xer intresset i samh\u00e4llet lavinartat f\u00f6r kopplingen mellan n\u00e4ring och h\u00e4lsa varf\u00f6r sjukv\u00e5rden st\u00e4lls inf\u00f6r m\u00e5nga fr\u00e5gor kring v\u00e5ra n\u00e4rings\u00e4mnen och hur de \u00e4r kopplade till h\u00e4lsa och sjukdom. N\u00e4ringsakademin \u00e4r d\u00e4rf\u00f6r ett forum d\u00e4r nya r\u00f6n fr\u00e5n n\u00e4ringsforskningen kommuniceras p\u00e5 ett l\u00e4ttillg\u00e4ngligt s\u00e4tt till Dig som arbetar i v\u00e5rden och som g\u00f6r det l\u00e4tt f\u00f6r dig att h\u00e5lla dig uppdaterad. Finns det n\u00e5got \u00e4mne du vill ha belyst? H\u00f6r av dig! V\u00e4l m\u00f6tt, N\u00e4ringsakademin &nbsp; &nbsp; &nbsp; &nbsp; &nbsp;<\/p>\n","protected":false},"author":1,"featured_media":0,"parent":0,"menu_order":0,"comment_status":"closed","ping_status":"closed","template":"","meta":{"footnotes":""},"class_list":["post-31","page","type-page","status-publish","hentry"],"_links":{"self":[{"href":"https:\/\/naringsakademin.org\/index.php\/wp-json\/wp\/v2\/pages\/31","targetHints":{"allow":["GET"]}}],"collection":[{"href":"https:\/\/naringsakademin.org\/index.php\/wp-json\/wp\/v2\/pages"}],"about":[{"href":"https:\/\/naringsakademin.org\/index.php\/wp-json\/wp\/v2\/types\/page"}],"author":[{"embeddable":true,"href":"https:\/\/naringsakademin.org\/index.php\/wp-json\/wp\/v2\/users\/1"}],"replies":[{"embeddable":true,"href":"https:\/\/naringsakademin.org\/index.php\/wp-json\/wp\/v2\/comments?post=31"}],"version-history":[{"count":6,"href":"https:\/\/naringsakademin.org\/index.php\/wp-json\/wp\/v2\/pages\/31\/revisions"}],"predecessor-version":[{"id":268,"href":"https:\/\/naringsakademin.org\/index.php\/wp-json\/wp\/v2\/pages\/31\/revisions\/268"}],"wp:attachment":[{"href":"https:\/\/naringsakademin.org\/index.php\/wp-json\/wp\/v2\/media?parent=31"}],"curies":[{"name":"wp","href":"https:\/\/api.w.org\/{rel}","templated":true}]}}